{"id":8527,"date":"2026-01-17T21:48:36","date_gmt":"2026-01-17T20:48:36","guid":{"rendered":"https:\/\/anayfrancistejedores.com\/?post_type=product&#038;p=8527"},"modified":"2026-03-06T15:25:30","modified_gmt":"2026-03-06T14:25:30","slug":"telar-de-peine-rigido-harp-forte-80-cm-kromski","status":"publish","type":"product","link":"https:\/\/anayfrancistejedores.com\/en\/producto\/telar-de-peine-rigido-harp-forte-80-cm-kromski\/","title":{"rendered":"Telar de peine r\u00edgido Harp Forte 80 cm Kromski"},"content":{"rendered":"<h2><strong><span style=\"color: #ad4220;\">El telar<\/span><\/strong><\/h2>\n<p>El telar de peine r\u00edgido Harp Forte de 80 cm de Kromski, \u00a0es el modelo de mayor ancho, dise\u00f1ado para trabajar piezas de gran formato manteniendo estabilidad y control durante el tejido. Su estructura reforzada permite manejar correctamente la tensi\u00f3n incluso en este ancho. Indicado tanto para\u00a0amplios, ofreciendo una sensaci\u00f3n de solidez durante todo el proceso.\u00a0Es una medida adecuada tanto para empezar como para tejer con regularidad, aunque especialmente piezas m\u00e1s anchas y proyectos textiles de mayor formato.<\/p>\n<h2><strong><span style=\"color: #ad4220;\">Construcci\u00f3n\u00a0<\/span><\/strong><\/h2>\n<p>Est\u00e1 fabricado con madera de buena calidad tratada y acabado barnizado.<\/p>\n<ul>\n<li>Tipo de telar: telar de bajo lizo de peine r\u00edgido<\/li>\n<li>Material: madera maciza de aliso europeo.<\/li>\n<li>Acabado: barnizado.<\/li>\n<li>Ensamblaje: montaje sencillo con instrucciones incluidas.<\/li>\n<li>Garant\u00eda: 5 a\u00f1os.<\/li>\n<\/ul>\n<h2><strong><span style=\"color: #ad4220;\">Manejo y posibilidades<\/span><\/strong><\/h2>\n<p>Es un telar muy f\u00e1cil de manejar, ligero y estable que permite desarrollar distintos tipos de tejidos.<\/p>\n<ul>\n<li>Ancho de trabajo: m\u00e1ximo 80 cm.<\/li>\n<li>Montaje de la fibra de urdimbre sencillo.<\/li>\n<li>Sistema de tensi\u00f3n firme y homog\u00e9neo.<\/li>\n<li>Peine c\u00f3modo de manejar.<\/li>\n<li>Frenos fuertes a ambos lados.<\/li>\n<li>Muy ligero y port\u00e1til, f\u00e1cil de transportar.<\/li>\n<li>Posibilidad de trabajar con doble peine.<\/li>\n<li>Posibilidad de trabajar con peines de otras densidades: 10, 20, 40, 50 y 60\/10 hilos\/cm.<\/li>\n<\/ul>\n<h2><span style=\"color: #ad4220;\"><strong>Aplicaciones y experiencias de uso<\/strong><\/span><\/h2>\n<p>Es un telar robusto y vers\u00e1til, de manejo sencillo, que soporta sesiones de tejido diarias.\u00a0 Recomendado para:<\/p>\n<ul>\n<li>Muestras t\u00e9cnicas, investigaci\u00f3n textil, estudio de color y texturas.<\/li>\n<li>Bufandas, pa\u00f1os, cojines, detalles decorativos.<\/li>\n<li>Chales, bufandas anchas, mantas y tejidos experimentales.<\/li>\n<li>Formaci\u00f3n y cursos.<\/li>\n<\/ul>\n<h2><span style=\"color: #ad4220;\"><strong>Accesorios incluidos<\/strong><\/span><\/h2>\n<p>El telar incluye todo lo necesario para comenzar a tejer, salvo la fibra. Incluye:<\/p>\n<ul>\n<li>Peine de 30\/10 (3,2 hilos\/cm \u2013 8 dpi).<\/li>\n<li>Soporte de peine preparado para un segundo peine.<\/li>\n<li>Un enhebrador de peine.<\/li>\n<li>Palos de urdidor.<\/li>\n<li>Palo de urdido.<\/li>\n<li>Abrazaderas.<\/li>\n<li>Dos lanzaderas planas de madera.<\/li>\n<li>Un palo de tejido.<\/li>\n<li>Manual de ensamblado.<\/li>\n<\/ul>\n<h2><strong><span style=\"color: #ad4220;\">Origen y fabricaci\u00f3n<\/span><\/strong><\/h2>\n<p>Fabricado por Kromski en Polonia.<\/p>\n<h2><strong><span style=\"color: #ad4220;\">Presentaci\u00f3n<\/span><\/strong><\/h2>\n<p>Se entrega embalado de forma segura, con todos los componentes protegidos y organizados para un montaje claro y sencillo.<\/p>\n<p>&nbsp;<\/p>\n","protected":false},"excerpt":{"rendered":"<p>Este telar Harp Forte de 80 cm de Kromski, es innovador en dise\u00f1o, funcional y robusto. Es f\u00e1cil de montar y usar y permite trabajar piezas m\u00e1s anchas indicado tanto para empezar a tejer en telar como si ya tienes experiencia. Dos de las caracter\u00edsticas m\u00e1s destacadas del Harp Forte son por un lado, tener ruedas de freno a ambos lados del telar para facilitar el control de la tensi\u00f3n de los hilos de urdimbre y por otro, la posibilidad de plegar el telar para facilitar viajar o guardarlo con la urdimbre montada dentro, sin tener que terminar de tejer la pieza. Permite tejer un ancho m\u00e1ximo de 80 cm, tejer con dos peines y cuenta con el urdidor incorporado para poder elegir el sistema de urdido. Es un telar vers\u00e1til y sencillo para aprender a tejer y tejer con regularidad.<\/p>\n<p>&nbsp;<\/p>\n<p><span style=\"color: #ad4220;\"><b>Plazo de entrega de 24 a 48 hora d\u00edas laborables en pen\u00ednsula.<\/b><\/span><\/p>\n","protected":false},"featured_media":8510,"comment_status":"open","ping_status":"closed","template":"","meta":[],"product_brand":[46],"product_cat":[86,82,244,75,23],"product_tag":[263,180,229,261,231],"class_list":{"0":"post-8527","1":"product","2":"type-product","3":"status-publish","4":"has-post-thumbnail","6":"product_brand-kromski","7":"product_cat-cursos-y-telares","8":"product_cat-para-regalar","9":"product_cat-telares-kromski","10":"product_cat-ruecas-y-telares","11":"product_cat-todos-los-productos","12":"product_tag-kromski","13":"product_tag-telar","14":"product_tag-telardepeine","15":"product_tag-telarkromski","16":"product_tag-telarplegable","17":"product_shipping_class-dhl-ashford-rh-40-sampleit","19":"first","20":"instock","21":"taxable","22":"shipping-taxable","23":"purchasable","24":"product-type-simple"},"yoast_head":"<!-- This site is optimized with the Yoast SEO plugin v27.5 - https:\/\/yoast.com\/product\/yoast-seo-wordpress\/ -->\n<title>Telar de peine r\u00edgido Harp Forte de 80 cm de Kromski<\/title>\n<meta name=\"description\" content=\"El telar de peine r\u00edgido Harp Forte de 80 cm Kromski es f\u00e1cil de manejar y robusto. Plegado permite viajar y crear piezas \u00fanicas en cualquier lugar.\" \/>\n<meta name=\"robots\" content=\"index, follow, max-snippet:-1, max-image-preview:large, max-video-preview:-1\" \/>\n<link rel=\"canonical\" href=\"https:\/\/anayfrancistejedores.com\/producto\/telar-de-peine-rigido-harp-forte-80-cm-kromski\/\" \/>\n<meta property=\"og:locale\" content=\"en_US\" \/>\n<meta property=\"og:type\" content=\"article\" \/>\n<meta property=\"og:title\" content=\"Telar de peine r\u00edgido Harp Forte de 80 cm de Kromski\" \/>\n<meta property=\"og:description\" content=\"El telar de peine r\u00edgido Harp Forte de 80 cm Kromski es f\u00e1cil de manejar y robusto. Plegado permite viajar y crear piezas \u00fanicas en cualquier lugar.\" \/>\n<meta property=\"og:url\" content=\"https:\/\/anayfrancistejedores.com\/producto\/telar-de-peine-rigido-harp-forte-80-cm-kromski\/\" \/>\n<meta property=\"og:site_name\" content=\"Ana y Francis Tejedores\" \/>\n<meta property=\"article:modified_time\" content=\"2026-03-06T14:25:30+00:00\" \/>\n<meta property=\"og:image\" content=\"https:\/\/anayfrancistejedores.com\/wp-content\/uploads\/2026\/01\/freepik__coloca-el-telar-la-banqueta-y-los-cestos-con-ovill__89554.jpg\" \/>\n\t<meta property=\"og:image:width\" content=\"600\" \/>\n\t<meta property=\"og:image:height\" content=\"600\" \/>\n\t<meta property=\"og:image:type\" content=\"image\/jpeg\" \/>\n<meta name=\"twitter:card\" content=\"summary_large_image\" \/>\n<meta name=\"twitter:label1\" content=\"Est. reading time\" \/>\n\t<meta name=\"twitter:data1\" content=\"2 minutes\" \/>\n<script type=\"application\/ld+json\" class=\"yoast-schema-graph\">{\"@context\":\"https:\\\/\\\/schema.org\",\"@graph\":[{\"@type\":\"WebPage\",\"@id\":\"https:\\\/\\\/anayfrancistejedores.com\\\/producto\\\/telar-de-peine-rigido-harp-forte-80-cm-kromski\\\/\",\"url\":\"https:\\\/\\\/anayfrancistejedores.com\\\/producto\\\/telar-de-peine-rigido-harp-forte-80-cm-kromski\\\/\",\"name\":\"Telar de peine r\u00edgido Harp Forte de 80 cm de Kromski\",\"isPartOf\":{\"@id\":\"https:\\\/\\\/anayfrancistejedores.com\\\/#website\"},\"primaryImageOfPage\":{\"@id\":\"https:\\\/\\\/anayfrancistejedores.com\\\/producto\\\/telar-de-peine-rigido-harp-forte-80-cm-kromski\\\/#primaryimage\"},\"image\":{\"@id\":\"https:\\\/\\\/anayfrancistejedores.com\\\/producto\\\/telar-de-peine-rigido-harp-forte-80-cm-kromski\\\/#primaryimage\"},\"thumbnailUrl\":\"https:\\\/\\\/anayfrancistejedores.com\\\/wp-content\\\/uploads\\\/2026\\\/01\\\/freepik__coloca-el-telar-la-banqueta-y-los-cestos-con-ovill__89554.jpg\",\"datePublished\":\"2026-01-17T20:48:36+00:00\",\"dateModified\":\"2026-03-06T14:25:30+00:00\",\"description\":\"El telar de peine r\u00edgido Harp Forte de 80 cm Kromski es f\u00e1cil de manejar y robusto. Plegado permite viajar y crear piezas \u00fanicas en cualquier lugar.\",\"breadcrumb\":{\"@id\":\"https:\\\/\\\/anayfrancistejedores.com\\\/producto\\\/telar-de-peine-rigido-harp-forte-80-cm-kromski\\\/#breadcrumb\"},\"inLanguage\":\"en-US\",\"potentialAction\":[{\"@type\":\"ReadAction\",\"target\":[\"https:\\\/\\\/anayfrancistejedores.com\\\/producto\\\/telar-de-peine-rigido-harp-forte-80-cm-kromski\\\/\"]}]},{\"@type\":\"ImageObject\",\"inLanguage\":\"en-US\",\"@id\":\"https:\\\/\\\/anayfrancistejedores.com\\\/producto\\\/telar-de-peine-rigido-harp-forte-80-cm-kromski\\\/#primaryimage\",\"url\":\"https:\\\/\\\/anayfrancistejedores.com\\\/wp-content\\\/uploads\\\/2026\\\/01\\\/freepik__coloca-el-telar-la-banqueta-y-los-cestos-con-ovill__89554.jpg\",\"contentUrl\":\"https:\\\/\\\/anayfrancistejedores.com\\\/wp-content\\\/uploads\\\/2026\\\/01\\\/freepik__coloca-el-telar-la-banqueta-y-los-cestos-con-ovill__89554.jpg\",\"width\":600,\"height\":600,\"caption\":\"Telar de peine Kromski\"},{\"@type\":\"BreadcrumbList\",\"@id\":\"https:\\\/\\\/anayfrancistejedores.com\\\/producto\\\/telar-de-peine-rigido-harp-forte-80-cm-kromski\\\/#breadcrumb\",\"itemListElement\":[{\"@type\":\"ListItem\",\"position\":1,\"name\":\"Portada\",\"item\":\"https:\\\/\\\/anayfrancistejedores.com\\\/home\\\/\"},{\"@type\":\"ListItem\",\"position\":2,\"name\":\"La tienda online de Ana y Francis Tejedores\",\"item\":\"https:\\\/\\\/anayfrancistejedores.com\\\/la-tienda-online-de-ana-y-francis-tejedores\\\/\"},{\"@type\":\"ListItem\",\"position\":3,\"name\":\"Telar de peine r\u00edgido Harp Forte 80 cm Kromski\"}]},{\"@type\":\"WebSite\",\"@id\":\"https:\\\/\\\/anayfrancistejedores.com\\\/#website\",\"url\":\"https:\\\/\\\/anayfrancistejedores.com\\\/\",\"name\":\"Ana y Francis Tejedores\",\"description\":\"Tejidos y piezas tejidas a mano en telar. Lujo silencioso para moda y hogar, arte textil y formaci\u00f3n.\",\"alternateName\":\"Ana y Francis Tejedores\",\"potentialAction\":[{\"@type\":\"SearchAction\",\"target\":{\"@type\":\"EntryPoint\",\"urlTemplate\":\"https:\\\/\\\/anayfrancistejedores.com\\\/?s={search_term_string}\"},\"query-input\":{\"@type\":\"PropertyValueSpecification\",\"valueRequired\":true,\"valueName\":\"search_term_string\"}}],\"inLanguage\":\"en-US\"}]}<\/script>\n<!-- \/ Yoast SEO plugin. -->","yoast_head_json":{"title":"Telar de peine r\u00edgido Harp Forte de 80 cm de Kromski","description":"El telar de peine r\u00edgido Harp Forte de 80 cm Kromski es f\u00e1cil de manejar y robusto. Plegado permite viajar y crear piezas \u00fanicas en cualquier lugar.","robots":{"index":"index","follow":"follow","max-snippet":"max-snippet:-1","max-image-preview":"max-image-preview:large","max-video-preview":"max-video-preview:-1"},"canonical":"https:\/\/anayfrancistejedores.com\/producto\/telar-de-peine-rigido-harp-forte-80-cm-kromski\/","og_locale":"en_US","og_type":"article","og_title":"Telar de peine r\u00edgido Harp Forte de 80 cm de Kromski","og_description":"El telar de peine r\u00edgido Harp Forte de 80 cm Kromski es f\u00e1cil de manejar y robusto. Plegado permite viajar y crear piezas \u00fanicas en cualquier lugar.","og_url":"https:\/\/anayfrancistejedores.com\/producto\/telar-de-peine-rigido-harp-forte-80-cm-kromski\/","og_site_name":"Ana y Francis Tejedores","article_modified_time":"2026-03-06T14:25:30+00:00","og_image":[{"width":600,"height":600,"url":"https:\/\/anayfrancistejedores.com\/wp-content\/uploads\/2026\/01\/freepik__coloca-el-telar-la-banqueta-y-los-cestos-con-ovill__89554.jpg","type":"image\/jpeg"}],"twitter_card":"summary_large_image","twitter_misc":{"Est. reading time":"2 minutes"},"schema":{"@context":"https:\/\/schema.org","@graph":[{"@type":"WebPage","@id":"https:\/\/anayfrancistejedores.com\/producto\/telar-de-peine-rigido-harp-forte-80-cm-kromski\/","url":"https:\/\/anayfrancistejedores.com\/producto\/telar-de-peine-rigido-harp-forte-80-cm-kromski\/","name":"Telar de peine r\u00edgido Harp Forte de 80 cm de Kromski","isPartOf":{"@id":"https:\/\/anayfrancistejedores.com\/#website"},"primaryImageOfPage":{"@id":"https:\/\/anayfrancistejedores.com\/producto\/telar-de-peine-rigido-harp-forte-80-cm-kromski\/#primaryimage"},"image":{"@id":"https:\/\/anayfrancistejedores.com\/producto\/telar-de-peine-rigido-harp-forte-80-cm-kromski\/#primaryimage"},"thumbnailUrl":"https:\/\/anayfrancistejedores.com\/wp-content\/uploads\/2026\/01\/freepik__coloca-el-telar-la-banqueta-y-los-cestos-con-ovill__89554.jpg","datePublished":"2026-01-17T20:48:36+00:00","dateModified":"2026-03-06T14:25:30+00:00","description":"El telar de peine r\u00edgido Harp Forte de 80 cm Kromski es f\u00e1cil de manejar y robusto. Plegado permite viajar y crear piezas \u00fanicas en cualquier lugar.","breadcrumb":{"@id":"https:\/\/anayfrancistejedores.com\/producto\/telar-de-peine-rigido-harp-forte-80-cm-kromski\/#breadcrumb"},"inLanguage":"en-US","potentialAction":[{"@type":"ReadAction","target":["https:\/\/anayfrancistejedores.com\/producto\/telar-de-peine-rigido-harp-forte-80-cm-kromski\/"]}]},{"@type":"ImageObject","inLanguage":"en-US","@id":"https:\/\/anayfrancistejedores.com\/producto\/telar-de-peine-rigido-harp-forte-80-cm-kromski\/#primaryimage","url":"https:\/\/anayfrancistejedores.com\/wp-content\/uploads\/2026\/01\/freepik__coloca-el-telar-la-banqueta-y-los-cestos-con-ovill__89554.jpg","contentUrl":"https:\/\/anayfrancistejedores.com\/wp-content\/uploads\/2026\/01\/freepik__coloca-el-telar-la-banqueta-y-los-cestos-con-ovill__89554.jpg","width":600,"height":600,"caption":"Telar de peine Kromski"},{"@type":"BreadcrumbList","@id":"https:\/\/anayfrancistejedores.com\/producto\/telar-de-peine-rigido-harp-forte-80-cm-kromski\/#breadcrumb","itemListElement":[{"@type":"ListItem","position":1,"name":"Portada","item":"https:\/\/anayfrancistejedores.com\/home\/"},{"@type":"ListItem","position":2,"name":"La tienda online de Ana y Francis Tejedores","item":"https:\/\/anayfrancistejedores.com\/la-tienda-online-de-ana-y-francis-tejedores\/"},{"@type":"ListItem","position":3,"name":"Telar de peine r\u00edgido Harp Forte 80 cm Kromski"}]},{"@type":"WebSite","@id":"https:\/\/anayfrancistejedores.com\/#website","url":"https:\/\/anayfrancistejedores.com\/","name":"Ana y Francis Tejedores","description":"Tejidos y piezas tejidas a mano en telar. Lujo silencioso para moda y hogar, arte textil y formaci\u00f3n.","alternateName":"Ana y Francis Tejedores","potentialAction":[{"@type":"SearchAction","target":{"@type":"EntryPoint","urlTemplate":"https:\/\/anayfrancistejedores.com\/?s={search_term_string}"},"query-input":{"@type":"PropertyValueSpecification","valueRequired":true,"valueName":"search_term_string"}}],"inLanguage":"en-US"}]}},"_links":{"self":[{"href":"https:\/\/anayfrancistejedores.com\/en\/wp-json\/wp\/v2\/product\/8527","targetHints":{"allow":["GET"]}}],"collection":[{"href":"https:\/\/anayfrancistejedores.com\/en\/wp-json\/wp\/v2\/product"}],"about":[{"href":"https:\/\/anayfrancistejedores.com\/en\/wp-json\/wp\/v2\/types\/product"}],"replies":[{"embeddable":true,"href":"https:\/\/anayfrancistejedores.com\/en\/wp-json\/wp\/v2\/comments?post=8527"}],"version-history":[{"count":9,"href":"https:\/\/anayfrancistejedores.com\/en\/wp-json\/wp\/v2\/product\/8527\/revisions"}],"predecessor-version":[{"id":10507,"href":"https:\/\/anayfrancistejedores.com\/en\/wp-json\/wp\/v2\/product\/8527\/revisions\/10507"}],"wp:featuredmedia":[{"embeddable":true,"href":"https:\/\/anayfrancistejedores.com\/en\/wp-json\/wp\/v2\/media\/8510"}],"wp:attachment":[{"href":"https:\/\/anayfrancistejedores.com\/en\/wp-json\/wp\/v2\/media?parent=8527"}],"wp:term":[{"taxonomy":"product_brand","embeddable":true,"href":"https:\/\/anayfrancistejedores.com\/en\/wp-json\/wp\/v2\/product_brand?post=8527"},{"taxonomy":"product_cat","embeddable":true,"href":"https:\/\/anayfrancistejedores.com\/en\/wp-json\/wp\/v2\/product_cat?post=8527"},{"taxonomy":"product_tag","embeddable":true,"href":"https:\/\/anayfrancistejedores.com\/en\/wp-json\/wp\/v2\/product_tag?post=8527"}],"curies":[{"name":"wp","href":"https:\/\/api.w.org\/{rel}","templated":true}]}}