{"id":8580,"date":"2026-01-18T21:38:27","date_gmt":"2026-01-18T20:38:27","guid":{"rendered":"https:\/\/anayfrancistejedores.com\/?post_type=product&#038;p=8580"},"modified":"2026-04-25T16:39:55","modified_gmt":"2026-04-25T15:39:55","slug":"canillera","status":"publish","type":"product","link":"https:\/\/anayfrancistejedores.com\/en\/producto\/canillera\/","title":{"rendered":"Canillera"},"content":{"rendered":"<h2><span style=\"color: #ad4220;\">Canillera<\/span><\/h2>\n<p>Esta canillera met\u00e1lica, para preparar las canillas a mano, es resistente y pensada para un uso continuado. Es uno de los \u00fatiles b\u00e1sicos para poder tejer con lanzaderas de barco que facilitan el tejido en telares de bajo lizo, sobre todo con fibra fina. De muy f\u00e1cil mantenimiento es una herramienta para toda la vida.<\/p>\n<h2><strong><span style=\"color: #ad4220;\">Uso y beneficios<\/span><\/strong><\/h2>\n<p>Con esta canillera se pueden preparar las canillas controlando la tensi\u00f3n del hilo de trama alrededor de la canilla, sea prefabricada o de papel.\u00a0 El giro puede hacerse tanto a ambos lados, siendo posible indislanzadera se puede tejer en telares de peine, de palancas y de pedales. Sobre todo, con fibra fina y media o cuando se necesitan muchos cambios de color o fibras. Aporta comodidad, regularidad en la trama y mayor control del proceso.<\/p>\n<p>Es muy f\u00e1cil de manejar, primero se prepara la canilla con el hilo para tejer, se inserta en la p\u00faa de metal de la lanzadera, se saca el hilo por el orificio central y queda preparada para pasarla de un lado a otro sin tener que sacar el hilo antes.<\/p>\n<p>Esto supone unos beneficios como son:<\/p>\n<ul>\n<li>Devanar con suavidad evitando la necesidad de sacar hilo antes de pasarla.<\/li>\n<li>Controlar mejor la tensi\u00f3n del hilo de trama con el que se teje.<\/li>\n<li>Permite conseguir un ritmo de tejido continuado y fluido con m\u00e1s facilidad.<\/li>\n<li>Trabajar con fibras finas con m\u00e1s comodidad y rapidez.<\/li>\n<li>Estar tejiendo m\u00e1s tiempo con menos esfuerzo.<\/li>\n<\/ul>\n<h2><strong><span style=\"color: #ad4220;\">Detalles a tener en cuenta<\/span><\/strong><\/h2>\n<p>Para poder tejer con este tipo de lanzaderas se necesitan canillas y canillera. La canillera es una herramienta igualmente sencilla de manejar para toda la vida y las canillas pueden ser prefabricadas o de papel.<\/p>\n","protected":false},"excerpt":{"rendered":"<p style=\"font-weight: 400;\">La canillera es una herramienta muy sencilla de usar que ayuda a formar las canillas de hilo de trama, para las lanzaderas de barco de forma f\u00e1cil, tensionada e igualada. Es una de las mejores canilleras que durar\u00e1 toda la vida con un mantenimiento facil\u00edsimo.<\/p>\n<p>&nbsp;<\/p>\n<p><span style=\"color: #ad4220;\"><b>Plazo de entrega de 24 a 48 hora d\u00edas laborables en pen\u00ednsula.<\/b><\/span><\/p>\n<p>&nbsp;<\/p>\n<p>&nbsp;<\/p>\n","protected":false},"featured_media":8513,"comment_status":"open","ping_status":"closed","template":"","meta":[],"product_brand":[],"product_cat":[76,115,75,23],"product_tag":[259,182,181,260,229,261,262],"class_list":{"0":"post-8580","1":"product","2":"type-product","3":"status-publish","4":"has-post-thumbnail","6":"product_cat-accesorios-telares","7":"product_cat-canillera","8":"product_cat-ruecas-y-telares","9":"product_cat-todos-los-productos","10":"product_tag-lanzadera","11":"product_tag-telarashford","12":"product_tag-telardepalancas","13":"product_tag-telardepedales","14":"product_tag-telardepeine","15":"product_tag-telarkromski","16":"product_tag-telarlouet","17":"product_shipping_class-dhl-ashford-rh-40-sampleit","19":"first","20":"instock","21":"taxable","22":"shipping-taxable","23":"purchasable","24":"product-type-simple"},"yoast_head":"<!-- This site is optimized with the Yoast SEO plugin v27.5 - https:\/\/yoast.com\/product\/yoast-seo-wordpress\/ -->\n<title>Canillera<\/title>\n<meta name=\"description\" content=\"Canillera met\u00e1lica para preparar las canillas de las lanzaderas de barco que facilita un control de la tensi\u00f3n y cantidad de fibra.\" \/>\n<meta name=\"robots\" content=\"index, follow, max-snippet:-1, max-image-preview:large, max-video-preview:-1\" \/>\n<link rel=\"canonical\" href=\"https:\/\/anayfrancistejedores.com\/producto\/canillera\/\" \/>\n<meta property=\"og:locale\" content=\"en_US\" \/>\n<meta property=\"og:type\" content=\"article\" \/>\n<meta property=\"og:title\" content=\"Canillera\" \/>\n<meta property=\"og:description\" content=\"Canillera met\u00e1lica para preparar las canillas de las lanzaderas de barco que facilita un control de la tensi\u00f3n y cantidad de fibra.\" \/>\n<meta property=\"og:url\" content=\"https:\/\/anayfrancistejedores.com\/producto\/canillera\/\" \/>\n<meta property=\"og:site_name\" content=\"Ana y Francis Tejedores\" \/>\n<meta property=\"article:modified_time\" content=\"2026-04-25T15:39:55+00:00\" \/>\n<meta property=\"og:image\" content=\"https:\/\/anayfrancistejedores.com\/wp-content\/uploads\/2026\/01\/canillera.jpg\" \/>\n\t<meta property=\"og:image:width\" content=\"600\" \/>\n\t<meta property=\"og:image:height\" content=\"600\" \/>\n\t<meta property=\"og:image:type\" content=\"image\/jpeg\" \/>\n<meta name=\"twitter:card\" content=\"summary_large_image\" \/>\n<meta name=\"twitter:label1\" content=\"Est. reading time\" \/>\n\t<meta name=\"twitter:data1\" content=\"2 minutes\" \/>\n<script type=\"application\/ld+json\" class=\"yoast-schema-graph\">{\"@context\":\"https:\\\/\\\/schema.org\",\"@graph\":[{\"@type\":\"WebPage\",\"@id\":\"https:\\\/\\\/anayfrancistejedores.com\\\/producto\\\/canillera\\\/\",\"url\":\"https:\\\/\\\/anayfrancistejedores.com\\\/producto\\\/canillera\\\/\",\"name\":\"Canillera\",\"isPartOf\":{\"@id\":\"https:\\\/\\\/anayfrancistejedores.com\\\/#website\"},\"primaryImageOfPage\":{\"@id\":\"https:\\\/\\\/anayfrancistejedores.com\\\/producto\\\/canillera\\\/#primaryimage\"},\"image\":{\"@id\":\"https:\\\/\\\/anayfrancistejedores.com\\\/producto\\\/canillera\\\/#primaryimage\"},\"thumbnailUrl\":\"https:\\\/\\\/anayfrancistejedores.com\\\/wp-content\\\/uploads\\\/2026\\\/01\\\/canillera.jpg\",\"datePublished\":\"2026-01-18T20:38:27+00:00\",\"dateModified\":\"2026-04-25T15:39:55+00:00\",\"description\":\"Canillera met\u00e1lica para preparar las canillas de las lanzaderas de barco que facilita un control de la tensi\u00f3n y cantidad de fibra.\",\"breadcrumb\":{\"@id\":\"https:\\\/\\\/anayfrancistejedores.com\\\/producto\\\/canillera\\\/#breadcrumb\"},\"inLanguage\":\"en-US\",\"potentialAction\":[{\"@type\":\"ReadAction\",\"target\":[\"https:\\\/\\\/anayfrancistejedores.com\\\/producto\\\/canillera\\\/\"]}]},{\"@type\":\"ImageObject\",\"inLanguage\":\"en-US\",\"@id\":\"https:\\\/\\\/anayfrancistejedores.com\\\/producto\\\/canillera\\\/#primaryimage\",\"url\":\"https:\\\/\\\/anayfrancistejedores.com\\\/wp-content\\\/uploads\\\/2026\\\/01\\\/canillera.jpg\",\"contentUrl\":\"https:\\\/\\\/anayfrancistejedores.com\\\/wp-content\\\/uploads\\\/2026\\\/01\\\/canillera.jpg\",\"width\":600,\"height\":600,\"caption\":\"Canillera met\u00e1lica\"},{\"@type\":\"BreadcrumbList\",\"@id\":\"https:\\\/\\\/anayfrancistejedores.com\\\/producto\\\/canillera\\\/#breadcrumb\",\"itemListElement\":[{\"@type\":\"ListItem\",\"position\":1,\"name\":\"Portada\",\"item\":\"https:\\\/\\\/anayfrancistejedores.com\\\/home\\\/\"},{\"@type\":\"ListItem\",\"position\":2,\"name\":\"La tienda online de Ana y Francis Tejedores\",\"item\":\"https:\\\/\\\/anayfrancistejedores.com\\\/la-tienda-online-de-ana-y-francis-tejedores\\\/\"},{\"@type\":\"ListItem\",\"position\":3,\"name\":\"Canillera\"}]},{\"@type\":\"WebSite\",\"@id\":\"https:\\\/\\\/anayfrancistejedores.com\\\/#website\",\"url\":\"https:\\\/\\\/anayfrancistejedores.com\\\/\",\"name\":\"Ana y Francis Tejedores\",\"description\":\"Tejidos y piezas tejidas a mano en telar. Lujo silencioso para moda y hogar, arte textil y formaci\u00f3n.\",\"alternateName\":\"Ana y Francis Tejedores\",\"potentialAction\":[{\"@type\":\"SearchAction\",\"target\":{\"@type\":\"EntryPoint\",\"urlTemplate\":\"https:\\\/\\\/anayfrancistejedores.com\\\/?s={search_term_string}\"},\"query-input\":{\"@type\":\"PropertyValueSpecification\",\"valueRequired\":true,\"valueName\":\"search_term_string\"}}],\"inLanguage\":\"en-US\"}]}<\/script>\n<!-- \/ Yoast SEO plugin. -->","yoast_head_json":{"title":"Canillera","description":"Canillera met\u00e1lica para preparar las canillas de las lanzaderas de barco que facilita un control de la tensi\u00f3n y cantidad de fibra.","robots":{"index":"index","follow":"follow","max-snippet":"max-snippet:-1","max-image-preview":"max-image-preview:large","max-video-preview":"max-video-preview:-1"},"canonical":"https:\/\/anayfrancistejedores.com\/producto\/canillera\/","og_locale":"en_US","og_type":"article","og_title":"Canillera","og_description":"Canillera met\u00e1lica para preparar las canillas de las lanzaderas de barco que facilita un control de la tensi\u00f3n y cantidad de fibra.","og_url":"https:\/\/anayfrancistejedores.com\/producto\/canillera\/","og_site_name":"Ana y Francis Tejedores","article_modified_time":"2026-04-25T15:39:55+00:00","og_image":[{"width":600,"height":600,"url":"https:\/\/anayfrancistejedores.com\/wp-content\/uploads\/2026\/01\/canillera.jpg","type":"image\/jpeg"}],"twitter_card":"summary_large_image","twitter_misc":{"Est. reading time":"2 minutes"},"schema":{"@context":"https:\/\/schema.org","@graph":[{"@type":"WebPage","@id":"https:\/\/anayfrancistejedores.com\/producto\/canillera\/","url":"https:\/\/anayfrancistejedores.com\/producto\/canillera\/","name":"Canillera","isPartOf":{"@id":"https:\/\/anayfrancistejedores.com\/#website"},"primaryImageOfPage":{"@id":"https:\/\/anayfrancistejedores.com\/producto\/canillera\/#primaryimage"},"image":{"@id":"https:\/\/anayfrancistejedores.com\/producto\/canillera\/#primaryimage"},"thumbnailUrl":"https:\/\/anayfrancistejedores.com\/wp-content\/uploads\/2026\/01\/canillera.jpg","datePublished":"2026-01-18T20:38:27+00:00","dateModified":"2026-04-25T15:39:55+00:00","description":"Canillera met\u00e1lica para preparar las canillas de las lanzaderas de barco que facilita un control de la tensi\u00f3n y cantidad de fibra.","breadcrumb":{"@id":"https:\/\/anayfrancistejedores.com\/producto\/canillera\/#breadcrumb"},"inLanguage":"en-US","potentialAction":[{"@type":"ReadAction","target":["https:\/\/anayfrancistejedores.com\/producto\/canillera\/"]}]},{"@type":"ImageObject","inLanguage":"en-US","@id":"https:\/\/anayfrancistejedores.com\/producto\/canillera\/#primaryimage","url":"https:\/\/anayfrancistejedores.com\/wp-content\/uploads\/2026\/01\/canillera.jpg","contentUrl":"https:\/\/anayfrancistejedores.com\/wp-content\/uploads\/2026\/01\/canillera.jpg","width":600,"height":600,"caption":"Canillera met\u00e1lica"},{"@type":"BreadcrumbList","@id":"https:\/\/anayfrancistejedores.com\/producto\/canillera\/#breadcrumb","itemListElement":[{"@type":"ListItem","position":1,"name":"Portada","item":"https:\/\/anayfrancistejedores.com\/home\/"},{"@type":"ListItem","position":2,"name":"La tienda online de Ana y Francis Tejedores","item":"https:\/\/anayfrancistejedores.com\/la-tienda-online-de-ana-y-francis-tejedores\/"},{"@type":"ListItem","position":3,"name":"Canillera"}]},{"@type":"WebSite","@id":"https:\/\/anayfrancistejedores.com\/#website","url":"https:\/\/anayfrancistejedores.com\/","name":"Ana y Francis Tejedores","description":"Tejidos y piezas tejidas a mano en telar. Lujo silencioso para moda y hogar, arte textil y formaci\u00f3n.","alternateName":"Ana y Francis Tejedores","potentialAction":[{"@type":"SearchAction","target":{"@type":"EntryPoint","urlTemplate":"https:\/\/anayfrancistejedores.com\/?s={search_term_string}"},"query-input":{"@type":"PropertyValueSpecification","valueRequired":true,"valueName":"search_term_string"}}],"inLanguage":"en-US"}]}},"_links":{"self":[{"href":"https:\/\/anayfrancistejedores.com\/en\/wp-json\/wp\/v2\/product\/8580","targetHints":{"allow":["GET"]}}],"collection":[{"href":"https:\/\/anayfrancistejedores.com\/en\/wp-json\/wp\/v2\/product"}],"about":[{"href":"https:\/\/anayfrancistejedores.com\/en\/wp-json\/wp\/v2\/types\/product"}],"replies":[{"embeddable":true,"href":"https:\/\/anayfrancistejedores.com\/en\/wp-json\/wp\/v2\/comments?post=8580"}],"version-history":[{"count":1,"href":"https:\/\/anayfrancistejedores.com\/en\/wp-json\/wp\/v2\/product\/8580\/revisions"}],"predecessor-version":[{"id":8581,"href":"https:\/\/anayfrancistejedores.com\/en\/wp-json\/wp\/v2\/product\/8580\/revisions\/8581"}],"wp:featuredmedia":[{"embeddable":true,"href":"https:\/\/anayfrancistejedores.com\/en\/wp-json\/wp\/v2\/media\/8513"}],"wp:attachment":[{"href":"https:\/\/anayfrancistejedores.com\/en\/wp-json\/wp\/v2\/media?parent=8580"}],"wp:term":[{"taxonomy":"product_brand","embeddable":true,"href":"https:\/\/anayfrancistejedores.com\/en\/wp-json\/wp\/v2\/product_brand?post=8580"},{"taxonomy":"product_cat","embeddable":true,"href":"https:\/\/anayfrancistejedores.com\/en\/wp-json\/wp\/v2\/product_cat?post=8580"},{"taxonomy":"product_tag","embeddable":true,"href":"https:\/\/anayfrancistejedores.com\/en\/wp-json\/wp\/v2\/product_tag?post=8580"}],"curies":[{"name":"wp","href":"https:\/\/api.w.org\/{rel}","templated":true}]}}